{"id":183,"date":"2016-03-10T09:22:08","date_gmt":"2016-03-10T09:22:08","guid":{"rendered":"http:\/\/okthemes.com\/villenoirdemo\/?page_id=183"},"modified":"2018-11-28T16:36:50","modified_gmt":"2018-11-28T16:36:50","slug":"contact","status":"publish","type":"page","link":"https:\/\/www.vignoble-belot.com\/fr-fr\/contact\/","title":{"rendered":"Contact"},"content":{"rendered":"<p>[vc_row full_width=\u00a0\u00bbstretch_row\u00a0\u00bb css=\u00a0\u00bb.vc_custom_1458720332308{padding-top: 90px !important;padding-bottom: 0px !important;background-color: #000000 !important;}\u00a0\u00bb][vc_column width=\u00a0\u00bb1\/2&Prime;]\n\t<div class=\"gg-infobox \" style=\"text-align:left;\">\n\t\t<p class=\"subtitle\" >Vignoble Belot<\/p>\n\t\t<div class=\"description\" style=\"color: #ffffff;\"><p>Domaine du Tendon<br \/>\n34360 Pierrerue, France<\/p>\n<\/div>\n\t<\/div> \n\t<div class=\"gg-infobox \" style=\"text-align:left;\">\n\t\t<p class=\"subtitle\" >Pour nous contacter<\/p>\n\t\t<div class=\"description\" style=\"color: #ffffff;\"><p><a href=\"mailto:vignoble.belot@wanadoo.fr\">vignoble.belot@wanadoo.fr<\/a><br \/>\nT\u00e9l.\u00a0 04 67 38 08 96<\/p>\n<\/div>\n\t<\/div> [\/vc_column][vc_column width=\u00a0\u00bb1\/2&Prime;]\n\t<div class=\"gg-infobox \" style=\"text-align:left;\">\n\t\t<p class=\"subtitle\" >HORAIRES CAVEAU<\/p>\n\t\t<div class=\"description\" style=\"color: #ffffff;\"><p>Le caveau est ouvert du lundi au vendredi de 9h \u00e0 12h et de 14h \u00e0 18h<br \/>\nIl est ferm\u00e9 les samedis, dimanches et jours f\u00e9ri\u00e9s<\/p>\n<\/div>\n\t<\/div> [vc_gmaps link=\u00a0\u00bb#E-8_JTNDaWZyYW1lJTIwc3JjJTNEJTIyaHR0cHMlM0ElMkYlMkZ3d3cuZ29vZ2xlLmNvbSUyRm1hcHMlMkZlbWJlZCUzRnBiJTNEJTIxMW0xOCUyMTFtMTIlMjExbTMlMjExZDMwMjUuODg4Mjg1MDc1OTk3NCUyMTJkMi45NjIyNDQzMTU1Nzc1OTkzJTIxM2Q0My40MjcwMDA5NzkxMjk3JTIxMm0zJTIxMWYwJTIxMmYwJTIxM2YwJTIxM20yJTIxMWkxMDI0JTIxMmk3NjglMjE0ZjEzLjElMjEzbTMlMjExbTIlMjExczB4MCUyNTNBMHgwJTIxMnpORFBDc0RJMUp6TTNMaklpVGlBeXdyQTFOeWMxTWk0d0lrVSUyMTVlMSUyMTNtMiUyMTFzZnIlMjEyc2ZyJTIxNHYxNTI5MTc0MDQ2NTc4JTIyJTIwd2lkdGglM0QlMjI2MDAlMjIlMjBoZWlnaHQlM0QlMjI0NTAlMjIlMjBmcmFtZWJvcmRlciUzRCUyMjAlMjIlMjBzdHlsZSUzRCUyMmJvcmRlciUzQTAlMjIlMjBhbGxvd2Z1bGxzY3JlZW4lM0UlM0MlMkZpZnJhbWUlM0U=\u00a0\u00bb][\/vc_column][\/vc_row]<\/p>\n","protected":false},"excerpt":{"rendered":"<p>[vc_row full_width=\u00a0\u00bbstretch_row\u00a0\u00bb css=\u00a0\u00bb.vc_custom_1458720332308{padding-top: 90px !important;padding-bottom: 0px !important;background-color: #000000 !important;}\u00a0\u00bb][vc_column width=\u00a0\u00bb1\/2&Prime;][\/vc_column][vc_column width=\u00a0\u00bb1\/2&Prime;][vc_gmaps link=\u00a0\u00bb#E-8_JTNDaWZyYW1lJTIwc3JjJTNEJTIyaHR0cHMlM0ElMkYlMkZ3d3cuZ29vZ2xlLmNvbSUyRm1hcHMlMkZlbWJlZCUzRnBiJTNEJTIxMW0xOCUyMTFtMTIlMjExbTMlMjExZDMwMjUuODg4Mjg1MDc1OTk3NCUyMTJkMi45NjIyNDQzMTU1Nzc1OTkzJTIxM2Q0My40MjcwMDA5NzkxMjk3JTIxMm0zJTIxMWYwJTIxMmYwJTIxM2YwJTIxM20yJTIxMWkxMDI0JTIxMmk3NjglMjE0ZjEzLjElMjEzbTMlMjExbTIlMjExczB4MCUyNTNBMHgwJTIxMnpORFBDc0RJMUp6TTNMaklpVGlBeXdyQTFOeWMxTWk0d0lrVSUyMTVlMSUyMTNtMiUyMTFzZnIlMjEyc2ZyJTIxNHYxNTI5MTc0MDQ2NTc4JTIyJTIwd2lkdGglM0QlMjI2MDAlMjIlMjBoZWlnaHQlM0QlMjI0NTAlMjIlMjBmcmFtZWJvcmRlciUzRCUyMjAlMjIlMjBzdHlsZSUzRCUyMmJvcmRlciUzQTAlMjIlMjBhbGxvd2Z1bGxzY3JlZW4lM0UlM0MlMkZpZnJhbWUlM0U=\u00a0\u00bb][\/vc_column][\/vc_row]<\/p>\n","protected":false},"author":1,"featured_media":0,"parent":0,"menu_order":0,"comment_status":"closed","ping_status":"closed","template":"theme-templates\/contact.php","meta":[],"_links":{"self":[{"href":"https:\/\/www.vignoble-belot.com\/fr-fr\/wp-json\/wp\/v2\/pages\/183"}],"collection":[{"href":"https:\/\/www.vignoble-belot.com\/fr-fr\/wp-json\/wp\/v2\/pages"}],"about":[{"href":"https:\/\/www.vignoble-belot.com\/fr-fr\/wp-json\/wp\/v2\/types\/page"}],"author":[{"embeddable":true,"href":"https:\/\/www.vignoble-belot.com\/fr-fr\/wp-json\/wp\/v2\/users\/1"}],"replies":[{"embeddable":true,"href":"https:\/\/www.vignoble-belot.com\/fr-fr\/wp-json\/wp\/v2\/comments?post=183"}],"version-history":[{"count":18,"href":"https:\/\/www.vignoble-belot.com\/fr-fr\/wp-json\/wp\/v2\/pages\/183\/revisions"}],"predecessor-version":[{"id":1496,"href":"https:\/\/www.vignoble-belot.com\/fr-fr\/wp-json\/wp\/v2\/pages\/183\/revisions\/1496"}],"wp:attachment":[{"href":"https:\/\/www.vignoble-belot.com\/fr-fr\/wp-json\/wp\/v2\/media?parent=183"}],"curies":[{"name":"wp","href":"https:\/\/api.w.org\/{rel}","templated":true}]}}